{"id":3285,"date":"2024-01-15T16:12:04","date_gmt":"2024-01-15T19:12:04","guid":{"rendered":"https:\/\/www.gauchocode.com\/contact-us\/"},"modified":"2024-07-12T09:56:44","modified_gmt":"2024-07-12T12:56:44","slug":"contact-us","status":"publish","type":"page","link":"https:\/\/www.gauchocode.com\/pt-br\/contact-us\/","title":{"rendered":"Contato"},"content":{"rendered":"<div class=\"gb-container gb-container-b2d560ae gaucho-hero\">\n<div class=\"gb-container gb-container-f8233015\">\n<div class=\"gb-container gb-container-8b8644c6\">\n<div class=\"gb-container gb-container-e7ff2c56\">\n\n<h2 class=\"gb-headline gb-headline-7e3a050c gb-headline-text\">Vamos construir algo grandioso.<\/h2>\n\n\n\n<p class=\"gb-headline gb-headline-26058bc8 gb-headline-text\">Trabalhando lado a lado, podemos alcan\u00e7ar resultados incr\u00edveis. Na Gaucho Code, estamos comprometidos com o seu projeto do in\u00edcio ao fim.<\/p>\n\n<\/div>\n\n<div class=\"gb-container gb-container-2fa2bdb1 hide-on-mobile hide-on-tablet\">\n<div class=\"gb-container gb-container-897ebad8\">\n\n<h3 class=\"gb-headline gb-headline-caf7daa1 gb-headline-text\">Miami<\/h3>\n\n\n\n<p class=\"gb-headline gb-headline-9e4d3a92 gb-headline-text\">3401 SW 160th Ave. Suite 330, Miramar, FL, 33027<\/p>\n\n\n\n<p class=\"gb-headline gb-headline-6f998232 gb-headline-text text-no-underline\"><a href=\"mailto:miami@broobe.com\"><a href=\"mailto:info@gauchocode.com\">info@gauchocode.com<\/a><\/a><\/p>\n\n<\/div>\n\n<div class=\"gb-container gb-container-07f42bbd\">\n\n<h3 class=\"gb-headline gb-headline-5e06d56a gb-headline-text\">Buenos Aires<\/h3>\n\n\n\n<p class=\"gb-headline gb-headline-facd0a91 gb-headline-text\">Vuelta de obligado 3276, CABA<\/p>\n\n\n\n<p class=\"gb-headline gb-headline-72f02cce gb-headline-text text-no-underline\"><a href=\"mailto:contacto@broobe.com\"><a href=\"mailto:info@gauchocode.com\">info@gauchocode.com<\/a><\/a><\/p>\n\n<\/div>\n<\/div>\n<\/div>\n\n<div class=\"gb-container gb-container-dcdd782c contact-us-form contact-us-effect\">\n\n<div class=\"wp-block-contact-form-7-contact-form-selector\">\n<div class=\"wpcf7 no-js\" id=\"wpcf7-f3366-o1\" lang=\"pt-BR\" dir=\"ltr\" data-wpcf7-id=\"3366\">\n<div class=\"screen-reader-response\"><p role=\"status\" aria-live=\"polite\" aria-atomic=\"true\"><\/p> <ul><\/ul><\/div>\n<form action=\"\/pt-br\/wp-json\/wp\/v2\/pages\/3285#wpcf7-f3366-o1\" method=\"post\" class=\"wpcf7-form init\" aria-label=\"Formul\u00e1rios de contato\" novalidate=\"novalidate\" data-status=\"init\">\n<fieldset class=\"hidden-fields-container\"><input type=\"hidden\" name=\"_wpcf7\" value=\"3366\" \/><input type=\"hidden\" name=\"_wpcf7_version\" value=\"6.1.4\" \/><input type=\"hidden\" name=\"_wpcf7_locale\" value=\"pt_BR\" \/><input type=\"hidden\" name=\"_wpcf7_unit_tag\" value=\"wpcf7-f3366-o1\" \/><input type=\"hidden\" name=\"_wpcf7_container_post\" value=\"0\" \/><input type=\"hidden\" name=\"_wpcf7_posted_data_hash\" value=\"\" \/>\n<\/fieldset>\n<div class=\"container\">\n\n<div class=\"input\"> \n<div class=\"input-half\">\n<label> Nome <\/label>\n<span class=\"wpcf7-form-control-wrap\" data-name=\"your-name\"><input size=\"40\" maxlength=\"400\" class=\"wpcf7-form-control wpcf7-text wpcf7-validates-as-required\" aria-required=\"true\" aria-invalid=\"false\" value=\"\" type=\"text\" name=\"your-name\" \/><\/span>\n<\/div>\n<div class=\"input-half\">\n<label> Email de trabalho<\/label>\n<span class=\"wpcf7-form-control-wrap\" data-name=\"work-email\"><input size=\"40\" maxlength=\"400\" class=\"wpcf7-form-control wpcf7-email wpcf7-validates-as-required wpcf7-text wpcf7-validates-as-email\" aria-required=\"true\" aria-invalid=\"false\" value=\"\" type=\"email\" name=\"work-email\" \/><\/span>\n<\/div>\n<\/div>\n<div class=\"input\"> \n<div class=\"input-half\">\n<label> Nome da empresa <\/label>\n<span class=\"wpcf7-form-control-wrap\" data-name=\"company-name\"><input size=\"40\" maxlength=\"400\" class=\"wpcf7-form-control wpcf7-text wpcf7-validates-as-required\" aria-required=\"true\" aria-invalid=\"false\" value=\"\" type=\"text\" name=\"company-name\" \/><\/span>\n<\/div>\n<div class=\"input-half\">\n<label> Seu papel<\/label>\n<span class=\"wpcf7-form-control-wrap\" data-name=\"your-role\"><input size=\"40\" maxlength=\"400\" class=\"wpcf7-form-control wpcf7-text wpcf7-validates-as-required\" aria-required=\"true\" aria-invalid=\"false\" value=\"\" type=\"text\" name=\"your-role\" \/><\/span>\n<\/div>\n<\/div>\n<div class=\"input\"> \n<div class=\"input-half\"> \n<label> Tamanho da empresa <\/label>\n<div class=\"dropdown\">\n<div class=\"selected wpcf7-form-control wpcf7-select company-size\">Selecione o valor <\/div><ul class=\"options\" name=\"company-size\" list=\"company-size-options\"><li data-value=\"1 a 10\">1 a 10<\/li><li data-value=\"11 a 50\">11 a 50<\/li><li data-value=\"51 a 200\">51 a 200<\/li><li data-value=\"Mais de 200\">Mais de 200<\/li><\/ul><input type=\"hidden\" value class=\"selected-inp\" name=\"company-size\" list=\"company-size-options\"\/>\n <\/div>\n<\/div>\n<div class=\"input-half\"> \n<label> Ind\u00fastria principal <\/label>\n<div class=\"dropdown\">\n<div class=\"selected wpcf7-form-control wpcf7-select industry-select\">Selecione o valor <\/div><ul class=\"options\" name=\"industry-select\" list=\"industry-select-options\"><li data-value=\"Log\u00edstica\">Log\u00edstica<\/li><li data-value=\"Varejo e com\u00e9rcio eletr\u00f4nico\">Varejo e com\u00e9rcio eletr\u00f4nico<\/li><li data-value=\"Finan\u00e7a\">Finan\u00e7a<\/li><li data-value=\"M\u00eddia e Comunica\u00e7\u00f5es\">M\u00eddia e Comunica\u00e7\u00f5es<\/li><li data-value=\"Entretenimento\">Entretenimento<\/li><\/ul><input type=\"hidden\" value class=\"selected-inp\" name=\"industry-select\" list=\"industry-select-options\"\/>\n <\/div>\n<\/div>\n<\/div>\n<div class=\"input\">\n<h3> Como podemos ajudar <\/h3>\n<div class=\"input-radio\">\n<p>Necessidades do projeto (selecione uma)<\/p>\n<span class=\"wpcf7-form-control-wrap\" data-name=\"project-needs\"><span class=\"wpcf7-form-control wpcf7-radio\"><span class=\"wpcf7-list-item first\"><label><input type=\"radio\" name=\"project-needs\" value=\"Melhore a efici\u00eancia operacional\" \/><span class=\"wpcf7-list-item-label\">Melhore a efici\u00eancia operacional<\/span><\/label><\/span><span class=\"wpcf7-list-item\"><label><input type=\"radio\" name=\"project-needs\" value=\"Desenvolver um novo aplicativo ou software\" \/><span class=\"wpcf7-list-item-label\">Desenvolver um novo aplicativo ou software<\/span><\/label><\/span><span class=\"wpcf7-list-item\"><label><input type=\"radio\" name=\"project-needs\" value=\"Automatizar processos de neg\u00f3cios\" \/><span class=\"wpcf7-list-item-label\">Automatizar processos de neg\u00f3cios<\/span><\/label><\/span><span class=\"wpcf7-list-item\"><label><input type=\"radio\" name=\"project-needs\" value=\"Atualizar ou melhorar o software existente\" \/><span class=\"wpcf7-list-item-label\">Atualizar ou melhorar o software existente<\/span><\/label><\/span><span class=\"wpcf7-list-item last\"><label><input type=\"radio\" name=\"project-needs\" value=\"Outro (especificar)\" \/><span class=\"wpcf7-list-item-label\">Outro (especificar)<\/span><\/label><\/span><\/span><\/span>\n<div class=\"input\">\n[group project-needs-other]\n<div class=\"input\">\n<label> Por favor especifique <\/label>\n<span class=\"wpcf7-form-control-wrap\" data-name=\"project-needs-other\"><input size=\"40\" maxlength=\"400\" class=\"wpcf7-form-control wpcf7-text wpcf7-validates-as-required\" aria-required=\"true\" aria-invalid=\"false\" value=\"\" type=\"text\" name=\"project-needs-other\" \/><\/span>\n<\/div>\n[\/group]\n<\/div>\n<\/div>\n<div class=\"input-full\">\n<label> Informa\u00e7\u00f5es do projeto <\/label>\n<span class=\"wpcf7-form-control-wrap\" data-name=\"project-info\"><input size=\"40\" maxlength=\"400\" class=\"wpcf7-form-control wpcf7-text wpcf7-validates-as-required\" aria-required=\"true\" aria-invalid=\"false\" value=\"\" type=\"text\" name=\"project-info\" \/><\/span>\n<\/div>\n<\/div>\n<input class=\"wpcf7-form-control wpcf7-submit has-spinner\" type=\"submit\" value=\"Enviar\" \/>\n<\/div><p style=\"display: none !important;\" class=\"akismet-fields-container\" data-prefix=\"_wpcf7_ak_\"><label>&#916;<textarea name=\"_wpcf7_ak_hp_textarea\" cols=\"45\" rows=\"8\" maxlength=\"100\"><\/textarea><\/label><input type=\"hidden\" id=\"ak_js_1\" name=\"_wpcf7_ak_js\" value=\"194\"\/><script>document.getElementById( \"ak_js_1\" ).setAttribute( \"value\", ( new Date() ).getTime() );<\/script><\/p><div class=\"wpcf7-response-output\" aria-hidden=\"true\"><\/div>\n<\/form>\n<\/div>\n<\/div>\n\n<\/div>\n<\/div>\n<\/div>","protected":false},"excerpt":{"rendered":"<p>Vamos construir algo grandioso. Trabalhando lado a lado, podemos alcan\u00e7ar resultados incr\u00edveis. Na Gaucho Code, estamos comprometidos com o seu projeto do in\u00edcio ao fim. Miami 3401 SW 160th Ave. Suite 330, Miramar, FL, 33027 info@gauchocode.com Buenos Aires Vuelta de obligado 3276, CABA info@gauchocode.com<\/p>\n","protected":false},"author":1,"featured_media":0,"parent":0,"menu_order":0,"comment_status":"closed","ping_status":"closed","template":"","meta":{"_acf_changed":false,"footnotes":""},"class_list":["post-3285","page","type-page","status-publish"],"acf":[],"_links":{"self":[{"href":"https:\/\/www.gauchocode.com\/pt-br\/wp-json\/wp\/v2\/pages\/3285","targetHints":{"allow":["GET"]}}],"collection":[{"href":"https:\/\/www.gauchocode.com\/pt-br\/wp-json\/wp\/v2\/pages"}],"about":[{"href":"https:\/\/www.gauchocode.com\/pt-br\/wp-json\/wp\/v2\/types\/page"}],"author":[{"embeddable":true,"href":"https:\/\/www.gauchocode.com\/pt-br\/wp-json\/wp\/v2\/users\/1"}],"replies":[{"embeddable":true,"href":"https:\/\/www.gauchocode.com\/pt-br\/wp-json\/wp\/v2\/comments?post=3285"}],"version-history":[{"count":0,"href":"https:\/\/www.gauchocode.com\/pt-br\/wp-json\/wp\/v2\/pages\/3285\/revisions"}],"wp:attachment":[{"href":"https:\/\/www.gauchocode.com\/pt-br\/wp-json\/wp\/v2\/media?parent=3285"}],"curies":[{"name":"wp","href":"https:\/\/api.w.org\/{rel}","templated":true}]}}