{"id":3283,"date":"2023-03-14T14:25:43","date_gmt":"2023-03-14T17:25:43","guid":{"rendered":"https:\/\/www.gauchocode.com\/case-studies\/"},"modified":"2025-10-27T14:42:37","modified_gmt":"2025-10-27T17:42:37","slug":"case-studies","status":"publish","type":"page","link":"https:\/\/www.gauchocode.com\/pt-br\/case-studies\/","title":{"rendered":"Casos de Sucesso"},"content":{"rendered":"<div class=\"gb-container gb-container-c690dde9\">\n<header class=\"gb-container gb-container-67c79d1f gaucho-hero alignfull\" id=\"case-studies\">\n<div class=\"gb-container gb-container-1f2bfba5\">\n<div class=\"gb-grid-wrapper gb-grid-wrapper-c7029bdf\">\n<div class=\"gb-grid-column gb-grid-column-8623ba9f\"><div class=\"gb-container gb-container-8623ba9f\">\n\n<h1 class=\"gb-headline gb-headline-509335aa gb-headline-text\">Casos de Sucesso<\/h1>\n\n\n\n<h4 class=\"gb-headline gb-headline-57fe5a43 gb-headline-text\">Cada projeto traz novos desafios e resultados. Descubra os resultados incr\u00edveis que alcan\u00e7amos.<\/h4>\n\n\n\n<a class=\"gb-button gb-button-d9917883 gb-button-text button-style\" href=\"https:\/\/www.gauchocode.com\/pt-br\/contact-us\/\">Vamos trabalhar juntos<\/a>\n\n<\/div><\/div>\n\n<div class=\"gb-grid-column gb-grid-column-481c4774\"><div class=\"gb-container gb-container-481c4774\"><\/div><\/div>\n<\/div>\n<\/div>\n<\/header>\n\n<section class=\"gb-container gb-container-d5dd5571\" id=\"go-series\">\n<div class=\"gb-container gb-container-5772cb91\">\n<div class=\"gb-container gb-container-62be6c14\">\n<div class=\"gb-container gb-container-cab00771\">\n<div class=\"gb-container gb-container-d5591f8c\">\n<div class=\"gb-container gb-container-fc71ee14\">\n\n<p class=\"gb-headline gb-headline-1f440db0 gb-headline-text\">Laravel<\/p>\n\n<\/div>\n\n<div class=\"gb-container gb-container-0dae6d60\">\n\n<p class=\"gb-headline gb-headline-9f6d00b0 gb-headline-text\">Next.js<\/p>\n\n<\/div>\n\n<div class=\"gb-container gb-container-55af9ed7\">\n\n<p class=\"gb-headline gb-headline-cd46b2d0 gb-headline-text\">UX Design<\/p>\n\n<\/div>\n\n<div class=\"gb-container gb-container-e941c787\">\n\n<p class=\"gb-headline gb-headline-4f255620 gb-headline-text\">Infraestrutura<\/p>\n\n<\/div>\n<\/div>\n\n<div class=\"gb-container gb-container-8d97e11e\">\n\n<h2 class=\"gb-headline gb-headline-a7d6421f gb-headline-text\">Go Series<\/h2>\n\n\n\n<p class=\"gb-headline gb-headline-af7a4801 gb-headline-text\"><strong>Com as solu\u00e7\u00f5es da Gaucho Code, a GOSeries se destacou como uma plataforma disruptiva de entretenimento. <\/strong><br><br><strong>Desafio:<\/strong> Desenvolver uma plataforma que suporte mais de 100.000 usu\u00e1rios simultaneamente, oferecendo conte\u00fado din\u00e2mico e adapt\u00e1vel \u00e0s varia\u00e7\u00f5es de demanda ao longo do dia. <br><br><strong>Solu\u00e7\u00e3o:<\/strong> A Gaucho Code criou uma infraestrutura flex\u00edvel e adapt\u00e1vel para a GOSeries, capaz de responder \u00e0s varia\u00e7\u00f5es na demanda. A plataforma, que oferece miniss\u00e9ries regionais de v\u00e1rias categorias, garante epis\u00f3dios de 5 a 8 minutos de dura\u00e7\u00e3o e \u00e9 disponibilizada atrav\u00e9s de operadoras m\u00f3veis.<br><br><strong>Resultados: <\/strong>Implementa\u00e7\u00e3o de uma plataforma robusta e flex\u00edvel, destacando a GOSeries no mercado de entretenimento e assegurando a capacidade de atender a um grande n\u00famero de usu\u00e1rios simult\u00e2neos.<\/p>\n\n\n\n<p><\/p>\n\n<\/div>\n<\/div>\n\n<div class=\"gb-container gb-container-21128692 ball-effect\">\n\n<figure class=\"gb-block-image gb-block-image-d40aff91\"><img decoding=\"async\" width=\"465\" height=\"329\" class=\"gb-image gb-image-d40aff91\" src=\"https:\/\/www.gauchocode.com\/wp-content\/uploads\/2023\/05\/Mockups-2.png\" alt=\"\" title=\"go-series\" srcset=\"https:\/\/www.gauchocode.com\/wp-content\/uploads\/2023\/05\/Mockups-2.png 465w, https:\/\/www.gauchocode.com\/wp-content\/uploads\/2023\/05\/Mockups-2-300x212.png 300w\" sizes=\"(max-width: 465px) 100vw, 465px\" \/><\/figure>\n\n<\/div>\n<\/div>\n<\/div>\n<\/section>\n\n<section class=\"gb-container gb-container-3e123628 hide-on-desktop hide-on-tablet hide-on-mobile\" id=\"livriz\">\n<div class=\"gb-container gb-container-360cdf6b\">\n<div class=\"gb-container gb-container-1bc9c95c\">\n<div class=\"gb-container gb-container-4371ca3d\">\n<div class=\"gb-grid-wrapper gb-grid-wrapper-4f2a6c41\">\n<div class=\"gb-grid-column gb-grid-column-4245f00d\"><div class=\"gb-container gb-container-4245f00d\">\n\n<p class=\"gb-headline gb-headline-ff53a7e8 gb-headline-text\">PHP<\/p>\n\n<\/div><\/div>\n\n<div class=\"gb-grid-column gb-grid-column-499af951\"><div class=\"gb-container gb-container-499af951\">\n\n<p class=\"gb-headline gb-headline-b54eb78b gb-headline-text\">Laravel<\/p>\n\n<\/div><\/div>\n\n<div class=\"gb-grid-column gb-grid-column-802454be\"><div class=\"gb-container gb-container-802454be\">\n\n<p class=\"gb-headline gb-headline-97bb3c73 gb-headline-text\">Infraestrutura<\/p>\n\n<\/div><\/div>\n\n<div class=\"gb-grid-column gb-grid-column-b13baffd\"><div class=\"gb-container gb-container-b13baffd\">\n\n<p class=\"gb-headline gb-headline-e3816470 gb-headline-text\">UX Design<\/p>\n\n<\/div><\/div>\n\n<div class=\"gb-grid-column gb-grid-column-88fd3707\"><div class=\"gb-container gb-container-88fd3707\">\n\n<p class=\"gb-headline gb-headline-c66d59fd gb-headline-text\">Desenvolvimento<\/p>\n\n<\/div><\/div>\n<\/div>\n\n\n<h2 class=\"gb-headline gb-headline-3e2e1048 gb-headline-text\">Livriz Market<\/h2>\n\n\n\n<p class=\"gb-headline gb-headline-5a7c214f gb-headline-text\">Este produto inovador permite integrar diferentes servi\u00e7os e gerenciar produtos e pedidos a partir de um painel intuitivo e f\u00e1cil de usar. Utilizando este software, voc\u00ea pode conectar lojas com milhares de produtos e mant\u00ea-los sincronizados quase em tempo real.<\/p>\n\n<\/div>\n\n<div class=\"gb-container gb-container-74da7515 ball-effect\">\n\n<figure class=\"gb-block-image gb-block-image-a52fdb56\"><img decoding=\"async\" width=\"499\" height=\"372\" class=\"gb-image gb-image-a52fdb56\" src=\"https:\/\/www.gauchocode.com\/wp-content\/uploads\/2023\/05\/Mockup-Livriz-1.png\" alt=\"\" title=\"Mockup-Livriz-1\" srcset=\"https:\/\/www.gauchocode.com\/wp-content\/uploads\/2023\/05\/Mockup-Livriz-1.png 499w, https:\/\/www.gauchocode.com\/wp-content\/uploads\/2023\/05\/Mockup-Livriz-1-300x224.png 300w\" sizes=\"(max-width: 499px) 100vw, 499px\" \/><\/figure>\n\n<\/div>\n<\/div>\n<\/div>\n<\/section>\n\n<section class=\"gb-container gb-container-8ab6df73\" id=\"stellacast\">\n<div class=\"gb-container gb-container-091a3069\">\n<div class=\"gb-container gb-container-723b46d4\">\n<div class=\"gb-container gb-container-0832ee3b\">\n<div class=\"gb-grid-wrapper gb-grid-wrapper-e6d8718b\">\n<div class=\"gb-grid-column gb-grid-column-1b18f41f\"><div class=\"gb-container gb-container-1b18f41f\">\n\n<p class=\"gb-headline gb-headline-fb797d6a gb-headline-text\">PHP<\/p>\n\n<\/div><\/div>\n\n<div class=\"gb-grid-column gb-grid-column-b2181632\"><div class=\"gb-container gb-container-b2181632\">\n\n<p class=\"gb-headline gb-headline-f0153851 gb-headline-text\">Laravel<\/p>\n\n<\/div><\/div>\n\n<div class=\"gb-grid-column gb-grid-column-1e1b794a\"><div class=\"gb-container gb-container-1e1b794a\">\n\n<p class=\"gb-headline gb-headline-5c128797 gb-headline-text\">Desenvolvimento<\/p>\n\n<\/div><\/div>\n\n<div class=\"gb-grid-column gb-grid-column-f534ea6f\"><div class=\"gb-container gb-container-f534ea6f\">\n\n<p class=\"gb-headline gb-headline-65b20de4 gb-headline-text\">Infraestrutura<\/p>\n\n<\/div><\/div>\n<\/div>\n\n\n<h2 class=\"gb-headline gb-headline-48f4f777 gb-headline-text\">Stellacast<\/h2>\n\n\n\n<p class=\"gb-headline gb-headline-c7cdce97 gb-headline-text\"><strong>Com as inova\u00e7\u00f5es da Gaucho Code, a Stellacast se destacou na ind\u00fastria do entretenimento.<\/strong><\/p>\n\n\n\n<p class=\"gb-headline gb-headline-2c9739c8 gb-headline-text\"><strong>Desafio:<\/strong> Criar uma plataforma capaz de suportar o uso simult\u00e2neo de centenas de usu\u00e1rios, facilitando a gest\u00e3o de talentos para empresas de elenco e produ\u00e7\u00e3o. <br><br><strong>Solu\u00e7\u00e3o:<\/strong> A Gaucho Code desenvolveu uma plataforma avan\u00e7ada para a Stellacast, utilizando motores de intelig\u00eancia artificial para combinar atores com base em caracter\u00edsticas f\u00edsicas. A plataforma oferece um processo simples e amig\u00e1vel, permitindo uma gest\u00e3o eficiente de talentos. <br><br><strong>Resultados:<\/strong> Implementa\u00e7\u00e3o bem-sucedida de uma plataforma robusta e inovadora, destacando a Stellacast na ind\u00fastria do entretenimento e melhorando a efici\u00eancia na gest\u00e3o de talentos.<br><\/p>\n\n\n\n<p><\/p>\n\n<\/div>\n\n<div class=\"gb-container gb-container-0f12ca34 ball-effect\">\n\n<figure class=\"gb-block-image gb-block-image-fa23027e\"><img decoding=\"async\" width=\"437\" height=\"324\" class=\"gb-image gb-image-fa23027e\" src=\"https:\/\/www.gauchocode.com\/wp-content\/uploads\/2023\/05\/Mockups-stella-1.png\" alt=\"\" title=\"Mockups-stella-1\" srcset=\"https:\/\/www.gauchocode.com\/wp-content\/uploads\/2023\/05\/Mockups-stella-1.png 437w, https:\/\/www.gauchocode.com\/wp-content\/uploads\/2023\/05\/Mockups-stella-1-300x222.png 300w\" sizes=\"(max-width: 437px) 100vw, 437px\" \/><\/figure>\n\n<\/div>\n<\/div>\n<\/div>\n<\/section>\n\n<section class=\"gb-container gb-container-ab5e600c\" id=\"stellacast\">\n<div class=\"gb-container gb-container-d2792e0e\">\n<div class=\"gb-container gb-container-cfd09cec\">\n<div class=\"gb-container gb-container-98668f6b\">\n<div class=\"gb-grid-wrapper gb-grid-wrapper-97aba57a\">\n<div class=\"gb-grid-column gb-grid-column-ed711a01\"><div class=\"gb-container gb-container-ed711a01\">\n\n<p class=\"gb-headline gb-headline-499d44ac gb-headline-text\">Desenvolvimento<\/p>\n\n<\/div><\/div>\n\n<div class=\"gb-grid-column gb-grid-column-952a3198\"><div class=\"gb-container gb-container-952a3198\">\n\n<p class=\"gb-headline gb-headline-6444c511 gb-headline-text\">DevOps<\/p>\n\n<\/div><\/div>\n<\/div>\n\n\n<h2 class=\"gb-headline gb-headline-73405576 gb-headline-text\">Celsur<\/h2>\n\n\n\n<p class=\"gb-headline gb-headline-d06f74b9 gb-headline-text\"><strong>Com o desenvolvimento tecnol\u00f3gico de Gaucho Code, a Celsur refor\u00e7ou a sua lideran\u00e7a em servi\u00e7os log\u00edsticos integrais a n\u00edvel internacional.  <\/strong><\/p>\n\n\n\n<p class=\"gb-headline gb-headline-46788a2b gb-headline-text\"><strong>Desafio:<\/strong> Inovar na gest\u00e3o da cadeia de suprimentos para manter a lideran\u00e7a no setor log\u00edstico, garantindo solu\u00e7\u00f5es din\u00e2micas e personalizadas para diversos sistemas de clientes.<strong> <\/strong><br><br><strong>Solu\u00e7\u00e3o:<\/strong> A Gaucho Code desenvolveu uma solu\u00e7\u00e3o tecnol\u00f3gica avan\u00e7ada para a Celsur, permitindo uma gest\u00e3o eficiente da cadeia de suprimentos. A integra\u00e7\u00e3o de sistemas personalizados, adaptados \u00e0s necessidades espec\u00edficas de cada cliente, otimizou os processos log\u00edsticos e melhorou a efici\u00eancia operacional.  <br><br><strong>Resultados: <\/strong>Melhoria significativa na efici\u00eancia operacional e otimiza\u00e7\u00e3o dos processos log\u00edsticos.<\/p>\n\n\n\n<p class=\"gb-headline gb-headline-83987750 gb-headline-text\"><\/p>\n\n\n<div class=\"gb-container gb-container-2ce69250\">\n\n<p class=\"gb-headline gb-headline-2b9d47de gb-headline-text\"><\/p>\n\n<\/div>\n\n\n<p class=\"gb-headline gb-headline-78a6aa28 gb-headline-text\"><\/p>\n\n\n\n<p class=\"gb-headline gb-headline-5bde6ae8 gb-headline-text\"><\/p>\n\n\n\n<p class=\"gb-headline gb-headline-d69d8732 gb-headline-text\"><\/p>\n\n<\/div>\n\n<div class=\"gb-container gb-container-24d479a2 ball-effect\">\n\n<figure class=\"gb-block-image gb-block-image-5c8fde80\"><img decoding=\"async\" width=\"500\" height=\"350\" class=\"gb-image gb-image-5c8fde80\" src=\"https:\/\/www.gauchocode.com\/wp-content\/uploads\/2024\/02\/Diseno-sin-titulo.png\" alt=\"\" title=\"Diseno-sin-titulo\" srcset=\"https:\/\/www.gauchocode.com\/wp-content\/uploads\/2024\/02\/Diseno-sin-titulo.png 500w, https:\/\/www.gauchocode.com\/wp-content\/uploads\/2024\/02\/Diseno-sin-titulo-300x210.png 300w\" sizes=\"(max-width: 500px) 100vw, 500px\" \/><\/figure>\n\n<\/div>\n<\/div>\n<\/div>\n<\/section>\n\n<section class=\"gb-container gb-container-519b70a7 gaucho-client-trust\" id=\"client-trust-us\">\n\n<h2 class=\"gb-headline gb-headline-e41c2d66 gb-headline-text\">Outros clientes que confiam em n\u00f3s<\/h2>\n\n\n\n<div class=\"wp-block-blocky-gutenberg-blocks-carousel-slider gaucho-services-slider\" data-swiper=\"{&quot;slidesToShowDesktop&quot;:5,&quot;slidesToShowTablet&quot;:2.5,&quot;slidesToShowMobile&quot;:2,&quot;loop&quot;:true,&quot;autoPlay&quot;:true,&quot;autoPlaySpeed&quot;:1000,&quot;spaceBetween&quot;:72,&quot;navigation&quot;:false,&quot;pagination&quot;:false,&quot;slidesHeight&quot;:112,&quot;className&quot;:&quot;gaucho-services-slider&quot;}\"><div class=\"swiper\"><div class=\"swiper-wrapper\">\n<div class=\"wp-block-blocky-gutenberg-blocks-carousel-slider-slide swiper-slide\">\n<figure class=\"gb-block-image gb-block-image-614bc4c4\"><img decoding=\"async\" class=\"gb-image gb-image-614bc4c4\" src=\"https:\/\/www.gauchocode.com\/wp-content\/uploads\/2024\/07\/Stellacast-1.svg\" alt=\"\" title=\"Stellacast\"\/><\/figure>\n<\/div>\n\n\n\n<div class=\"wp-block-blocky-gutenberg-blocks-carousel-slider-slide swiper-slide\">\n<figure class=\"gb-block-image gb-block-image-df8a1a4d\"><img decoding=\"async\" class=\"gb-image gb-image-df8a1a4d\" src=\"https:\/\/www.gauchocode.com\/wp-content\/uploads\/2024\/07\/Caeme.svg\" alt=\"\" title=\"Caeme\"\/><\/figure>\n<\/div>\n\n\n\n<div class=\"wp-block-blocky-gutenberg-blocks-carousel-slider-slide swiper-slide\">\n<figure class=\"gb-block-image gb-block-image-bf2912f5\"><img decoding=\"async\" class=\"gb-image gb-image-bf2912f5\" src=\"https:\/\/www.gauchocode.com\/wp-content\/uploads\/2024\/07\/Vichy.svg\" alt=\"\" title=\"Vichy\"\/><\/figure>\n<\/div>\n\n\n\n<div class=\"wp-block-blocky-gutenberg-blocks-carousel-slider-slide swiper-slide\">\n<figure class=\"gb-block-image gb-block-image-03598334\"><img decoding=\"async\" class=\"gb-image gb-image-03598334\" src=\"https:\/\/www.gauchocode.com\/wp-content\/uploads\/2024\/07\/Anfibia.svg\" alt=\"\" title=\"Anfibia\"\/><\/figure>\n<\/div>\n\n\n\n<div class=\"wp-block-blocky-gutenberg-blocks-carousel-slider-slide swiper-slide\">\n<figure class=\"gb-block-image gb-block-image-c8e443dc\"><img decoding=\"async\" class=\"gb-image gb-image-c8e443dc\" src=\"https:\/\/www.gauchocode.com\/wp-content\/uploads\/2024\/07\/DB-Business.svg\" alt=\"\" title=\"DB Business\"\/><\/figure>\n<\/div>\n\n\n\n<div class=\"wp-block-blocky-gutenberg-blocks-carousel-slider-slide swiper-slide\">\n<figure class=\"gb-block-image gb-block-image-8bc8b8e1\"><img decoding=\"async\" class=\"gb-image gb-image-8bc8b8e1\" src=\"https:\/\/www.gauchocode.com\/wp-content\/uploads\/2023\/03\/Ideaton.svg\" alt=\"\" title=\"Ideaton\"\/><\/figure>\n<\/div>\n\n\n\n<div class=\"wp-block-blocky-gutenberg-blocks-carousel-slider-slide swiper-slide\">\n<figure class=\"gb-block-image gb-block-image-958f0e3c\"><img decoding=\"async\" class=\"gb-image gb-image-958f0e3c\" src=\"https:\/\/www.gauchocode.com\/wp-content\/uploads\/2023\/03\/Constructora.svg\" alt=\"\" title=\"Constructora\"\/><\/figure>\n<\/div>\n\n\n\n<div class=\"wp-block-blocky-gutenberg-blocks-carousel-slider-slide swiper-slide\">\n<figure class=\"gb-block-image gb-block-image-97beee25\"><img decoding=\"async\" class=\"gb-image gb-image-97beee25\" src=\"https:\/\/www.gauchocode.com\/wp-content\/uploads\/2023\/03\/Redcoach.svg\" alt=\"\" title=\"Redcoach\"\/><\/figure>\n<\/div>\n\n\n\n<div class=\"wp-block-blocky-gutenberg-blocks-carousel-slider-slide swiper-slide\">\n<figure class=\"gb-block-image gb-block-image-f403633f\"><img decoding=\"async\" class=\"gb-image gb-image-f403633f\" src=\"https:\/\/www.gauchocode.com\/wp-content\/uploads\/2023\/03\/Per.svg\" alt=\"\" title=\"Per\"\/><\/figure>\n<\/div>\n\n\n\n<div class=\"wp-block-blocky-gutenberg-blocks-carousel-slider-slide swiper-slide\">\n<figure class=\"gb-block-image gb-block-image-248a81ff\"><img decoding=\"async\" class=\"gb-image gb-image-248a81ff\" src=\"https:\/\/www.gauchocode.com\/wp-content\/uploads\/2024\/07\/celsur-logo-3-1-1.svg\" alt=\"\" title=\"celsur-logo-3 (1) 1\"\/><\/figure>\n<\/div>\n<\/div><\/div><\/div>\n\n<\/section>\n<\/div>","protected":false},"excerpt":{"rendered":"<p>Laravel Next.js UX Design Infraestrutura Go Series Com as solu\u00e7\u00f5es da Gaucho Code, a GOSeries se destacou como uma plataforma disruptiva de entretenimento. Desafio: Desenvolver uma plataforma que suporte mais de 100.000 usu\u00e1rios simultaneamente, oferecendo conte\u00fado din\u00e2mico e adapt\u00e1vel \u00e0s varia\u00e7\u00f5es de demanda ao longo do dia. Solu\u00e7\u00e3o: A Gaucho Code criou uma infraestrutura flex\u00edvel<\/p>\n","protected":false},"author":1,"featured_media":4007,"parent":0,"menu_order":0,"comment_status":"closed","ping_status":"closed","template":"","meta":{"_acf_changed":false,"footnotes":""},"class_list":["post-3283","page","type-page","status-publish","has-post-thumbnail"],"acf":[],"_links":{"self":[{"href":"https:\/\/www.gauchocode.com\/pt-br\/wp-json\/wp\/v2\/pages\/3283","targetHints":{"allow":["GET"]}}],"collection":[{"href":"https:\/\/www.gauchocode.com\/pt-br\/wp-json\/wp\/v2\/pages"}],"about":[{"href":"https:\/\/www.gauchocode.com\/pt-br\/wp-json\/wp\/v2\/types\/page"}],"author":[{"embeddable":true,"href":"https:\/\/www.gauchocode.com\/pt-br\/wp-json\/wp\/v2\/users\/1"}],"replies":[{"embeddable":true,"href":"https:\/\/www.gauchocode.com\/pt-br\/wp-json\/wp\/v2\/comments?post=3283"}],"version-history":[{"count":0,"href":"https:\/\/www.gauchocode.com\/pt-br\/wp-json\/wp\/v2\/pages\/3283\/revisions"}],"wp:featuredmedia":[{"embeddable":true,"href":"https:\/\/www.gauchocode.com\/pt-br\/wp-json\/wp\/v2\/media\/4007"}],"wp:attachment":[{"href":"https:\/\/www.gauchocode.com\/pt-br\/wp-json\/wp\/v2\/media?parent=3283"}],"curies":[{"name":"wp","href":"https:\/\/api.w.org\/{rel}","templated":true}]}}