{"id":3281,"date":"2023-03-14T14:25:36","date_gmt":"2023-03-14T17:25:36","guid":{"rendered":"https:\/\/www.gauchocode.com\/our-process\/"},"modified":"2024-07-05T12:26:25","modified_gmt":"2024-07-05T15:26:25","slug":"our-process","status":"publish","type":"page","link":"https:\/\/www.gauchocode.com\/pt-br\/our-process\/","title":{"rendered":"Nosso Processo"},"content":{"rendered":"<div class=\"gb-container gb-container-5e426fac\">\n<header class=\"gb-container gb-container-67c79d1f gaucho-hero alignfull\" id=\"our-process\">\n<div class=\"gb-container gb-container-1f2bfba5\">\n<div class=\"gb-grid-wrapper gb-grid-wrapper-c7029bdf\">\n<div class=\"gb-grid-column gb-grid-column-8623ba9f\"><div class=\"gb-container gb-container-8623ba9f\">\n\n<h1 class=\"gb-headline gb-headline-509335aa gb-headline-text\">Nosso Processo<\/h1>\n\n\n\n<h4 class=\"gb-headline gb-headline-57fe5a43 gb-headline-text\">+10 anos ajudando empresas a construir fluxos de trabalho s\u00f3lidos, impulsionados pela tecnologia e inova\u00e7\u00e3o.<\/h4>\n\n\n\n<a class=\"gb-button gb-button-d9917883 gb-button-text button-style\" href=\"https:\/\/www.gauchocode.com\/contact-us\/\">Agendar uma liga\u00e7\u00e3o<\/a>\n\n<\/div><\/div>\n\n<div class=\"gb-grid-column gb-grid-column-481c4774\"><div class=\"gb-container gb-container-481c4774\"><\/div><\/div>\n<\/div>\n<\/div>\n<\/header>\n\n<section class=\"gb-container gb-container-d36bc8b6\" id=\"methodologies\">\n\n<h2 class=\"gb-headline gb-headline-31716300 gb-headline-text\">Metodologias<\/h2>\n\n\n<div class=\"gb-container gb-container-70729db2\">\n<div class=\"gb-container gb-container-a40a179b our-process-cards\">\n<div class=\"gb-container gb-container-c1c37993 gaucho-methodologies-bg\"><\/div>\n\n<div class=\"gb-container gb-container-cafe4d21\">\n\n<h3 class=\"gb-headline gb-headline-561b73f5\"><span class=\"gb-icon\"><svg fill=\"none\" viewBox=\"0 0 33 29\" height=\"29\" width=\"33\" xmlns=\"http:\/\/www.w3.org\/2000\/svg\"> <path fill=\"#03EBDD\" d=\"M32.4646 20.9319C32.3071 20.2997 31.6634 19.9147 31.0316 20.0719L27.9032 20.8509C28.87 18.8841 29.3815 16.7051 29.3815 14.4996C29.3815 6.5501 22.9035 0.0820312 14.9408 0.0820312C6.97776 0.0820312 0.5 6.54968 0.5 14.4996C0.5 22.4498 6.97804 28.9172 14.9408 28.9172C17.0177 28.9172 19.0226 28.4861 20.8999 27.6361C21.4944 27.3666 21.7576 26.6672 21.4881 26.0737C21.2185 25.4805 20.5193 25.2181 19.9232 25.4865C18.3547 26.1969 16.6783 26.5572 14.9402 26.5572C8.2813 26.5572 2.86346 21.1484 2.86346 14.5005C2.86346 12.9864 3.14708 11.5376 3.65962 10.2014C3.92401 11.0514 4.39119 11.8309 5.03925 12.4782C6.09073 13.5286 7.48964 14.1068 8.97677 14.1068C10.4642 14.1068 11.8625 13.5286 12.914 12.4782C15.0849 10.3109 15.0849 6.78384 12.914 4.61583C12.266 3.96827 11.4849 3.50183 10.6335 3.23842C11.9719 2.72668 13.423 2.44354 14.9395 2.44354C21.5989 2.44354 27.0163 7.85232 27.0163 14.5002C27.0163 16.3562 26.5832 18.188 25.7661 19.8399L24.9066 16.3995C24.7486 15.7673 24.1063 15.3824 23.4737 15.5396C22.8402 15.6974 22.4549 16.3378 22.6124 16.9703L24.1207 23.0088C24.2551 23.5452 24.7366 23.9036 25.2667 23.9036C25.3613 23.9036 25.4575 23.892 25.5536 23.8682L31.6019 22.3628C32.2367 22.2048 32.6226 21.5644 32.4646 20.9319L32.4646 20.9319ZM11.2435 10.8083C10.6383 11.4125 9.8339 11.7453 8.97808 11.7453C8.12198 11.7453 7.31731 11.4125 6.7121 10.808C6.10691 10.2038 5.77353 9.40067 5.77353 8.54622C5.77353 7.69178 6.10691 6.88811 6.7121 6.28387C7.33706 5.66046 8.15716 5.34851 8.97808 5.34851C9.79873 5.34851 10.6191 5.65994 11.2441 6.28387C12.4929 7.53127 12.4932 9.5609 11.2435 10.8083H11.2435Z\"><\/path> <\/svg><\/span><span class=\"gb-headline-text\">Scrum<\/span><\/h3>\n\n\n\n<p class=\"gb-headline gb-headline-a9ce6acc gb-headline-text\">Na Gaucho, acreditamos que a melhor maneira de resolver problemas complexos e garantir o sucesso do projeto \u00e9 atrav\u00e9s da colabora\u00e7\u00e3o em equipe. Somos especialistas na Metodologia Scrum e em seus tr\u00eas pilares: transpar\u00eancia, inspe\u00e7\u00e3o e adapta\u00e7\u00e3o. Trabalhamos em um ambiente de profissionalismo e confian\u00e7a.<\/p>\n\n<\/div>\n<\/div>\n\n<div class=\"gb-container gb-container-1c86dab7 our-process-cards\">\n<div class=\"gb-container gb-container-c3f7406a gaucho-methodologies-bg\"><\/div>\n\n<div class=\"gb-container gb-container-74d32fed\">\n\n<h3 class=\"gb-headline gb-headline-4dedebfe\"><span class=\"gb-icon\"><svg fill=\"none\" viewBox=\"0 0 32 29\" height=\"29\" width=\"32\" xmlns=\"http:\/\/www.w3.org\/2000\/svg\"> <mask fill=\"white\" id=\"path-1-inside-1_840_9462\"> <rect rx=\"1\" height=\"9\" width=\"15\" y=\"8.13672\"><\/rect> <\/mask> <rect mask=\"url(#path-1-inside-1_840_9462)\" stroke-width=\"4\" stroke=\"#03EBDD\" rx=\"1\" height=\"9\" width=\"15\" y=\"8.13672\"><\/rect> <mask fill=\"white\" id=\"path-2-inside-2_840_9462\"> <rect rx=\"1\" height=\"5\" width=\"32\" y=\"0.864258\"><\/rect> <\/mask> <rect mask=\"url(#path-2-inside-2_840_9462)\" stroke-width=\"4\" stroke=\"#03EBDD\" rx=\"1\" height=\"5\" width=\"32\" y=\"0.864258\"><\/rect> <mask fill=\"white\" id=\"path-3-inside-3_840_9462\"> <rect rx=\"1\" height=\"9\" width=\"15\" y=\"8.13672\" x=\"17\"><\/rect> <\/mask> <rect mask=\"url(#path-3-inside-3_840_9462)\" stroke-width=\"4\" stroke=\"#03EBDD\" rx=\"1\" height=\"9\" width=\"15\" y=\"8.13672\" x=\"17\"><\/rect> <mask fill=\"white\" id=\"path-4-inside-4_840_9462\"> <rect rx=\"1\" height=\"9\" width=\"15\" y=\"19.1367\"><\/rect> <\/mask> <rect mask=\"url(#path-4-inside-4_840_9462)\" stroke-width=\"4\" stroke=\"#03EBDD\" rx=\"1\" height=\"9\" width=\"15\" y=\"19.1367\"><\/rect> <mask fill=\"white\" id=\"path-5-inside-5_840_9462\"> <rect rx=\"1\" height=\"9\" width=\"15\" y=\"19.1367\" x=\"17\"><\/rect> <\/mask> <rect mask=\"url(#path-5-inside-5_840_9462)\" stroke-width=\"4\" stroke=\"#03EBDD\" rx=\"1\" height=\"9\" width=\"15\" y=\"19.1367\" x=\"17\"><\/rect> <\/svg><\/span><span class=\"gb-headline-text\">Kanban<\/span><\/h3>\n\n\n\n<p class=\"gb-headline gb-headline-d6284009 gb-headline-text\">N\u00f3s temos experi\u00eancia na metodologia Kanban, atrav\u00e9s da qual podemos maximizar a efici\u00eancia e realizar melhorias cont\u00ednuas. O Kanban nos permite otimizar a entrega de trabalho entre m\u00faltiplas equipes e lidar at\u00e9 com os projetos mais complexos em um ambiente \u00fanico.<\/p>\n\n<\/div>\n<\/div>\n<\/div>\n<\/section>\n\n<section class=\"gb-container gb-container-075cb0b6\" id=\"technologies\">\n\n<h2 class=\"gb-headline gb-headline-5936c4e8 gb-headline-text\">Tecnologias<\/h2>\n\n\n<div class=\"gb-container gb-container-33eff6cd\">\n<div class=\"gb-container gb-container-ed769351\">\n<div class=\"gb-container gb-container-c97a6c11\">\n\n<figure class=\"gb-block-image gb-block-image-ec495ff9\"><img decoding=\"async\" width=\"220\" height=\"76\" class=\"gb-image gb-image-ec495ff9\" src=\"http:\/\/www.gauchocode.com\/wp-content\/uploads\/2023\/03\/React-logo.png\" alt=\"\" title=\"React logo\"\/><\/figure>\n\n<\/div>\n\n<div class=\"gb-container gb-container-e076b384\">\n\n<figure class=\"gb-block-image gb-block-image-66c9d99e\"><img decoding=\"async\" width=\"98\" height=\"97\" class=\"gb-image gb-image-66c9d99e\" src=\"http:\/\/www.gauchocode.com\/wp-content\/uploads\/2023\/03\/javascript-logo.png\" alt=\"\" title=\"javascript logo\"\/><\/figure>\n\n<\/div>\n\n<div class=\"gb-container gb-container-ca77bbfe\">\n\n<figure class=\"gb-block-image gb-block-image-ab1d844b\"><img decoding=\"async\" width=\"294\" height=\"85\" class=\"gb-image gb-image-ab1d844b\" src=\"http:\/\/www.gauchocode.com\/wp-content\/uploads\/2023\/03\/Laravel-logo.png\" alt=\"\" title=\"Laravel logo\"\/><\/figure>\n\n<\/div>\n\n<div class=\"gb-container gb-container-82181a87\">\n\n<figure class=\"gb-block-image gb-block-image-78d1b275\"><img decoding=\"async\" width=\"231\" height=\"40\" class=\"gb-image gb-image-78d1b275\" src=\"http:\/\/www.gauchocode.com\/wp-content\/uploads\/2023\/03\/Next.js-Logo-1.png\" alt=\"\" title=\"Next.js Logo 1\"\/><\/figure>\n\n<\/div>\n<\/div>\n\n<div class=\"gb-container gb-container-52e0c736\">\n<div class=\"gb-container gb-container-15827cf1\">\n\n<figure class=\"gb-block-image gb-block-image-3f23116d\"><img decoding=\"async\" width=\"223\" height=\"64\" class=\"gb-image gb-image-3f23116d\" src=\"http:\/\/www.gauchocode.com\/wp-content\/uploads\/2023\/03\/node-js-lockup-logo.png\" alt=\"\" title=\"node-js-lockup logo\"\/><\/figure>\n\n<\/div>\n\n<div class=\"gb-container gb-container-277602f9\">\n\n<figure class=\"gb-block-image gb-block-image-6efb2b0d\"><img decoding=\"async\" width=\"231\" height=\"61\" class=\"gb-image gb-image-6efb2b0d\" src=\"http:\/\/www.gauchocode.com\/wp-content\/uploads\/2023\/03\/python-lockup-logo.png\" alt=\"\" title=\"python-lockup logo\"\/><\/figure>\n\n<\/div>\n\n<div class=\"gb-container gb-container-e56dd4ea\">\n\n<figure class=\"gb-block-image gb-block-image-748d010a\"><img decoding=\"async\" width=\"203\" height=\"86\" class=\"gb-image gb-image-748d010a\" src=\"http:\/\/www.gauchocode.com\/wp-content\/uploads\/2023\/03\/bash-logo-logo.png\" alt=\"\" title=\"bash-logo logo\"\/><\/figure>\n\n<\/div>\n\n<div class=\"gb-container gb-container-80eefa8b\">\n\n<figure class=\"gb-block-image gb-block-image-70b4d344\"><img decoding=\"async\" width=\"145\" height=\"70\" class=\"gb-image gb-image-70b4d344\" src=\"http:\/\/www.gauchocode.com\/wp-content\/uploads\/2023\/03\/php-logo.png\" alt=\"\" title=\"php logo\"\/><\/figure>\n\n<\/div>\n<\/div>\n<\/div>\n<\/section>\n\n<section class=\"gb-container gb-container-f9c09909 alignfull\" id=\"faq\">\n<div class=\"gb-container gb-container-95899770\">\n<div class=\"gb-container gb-container-883a3108\">\n\n<h2 class=\"gb-headline gb-headline-8fad92bb gb-headline-text\">Frequently asked questions<\/h2>\n\n\n\n<h4 class=\"gb-headline gb-headline-ae732d48 gb-headline-text\">N\u00f3s resolvemos as necessidades comerciais dos nossos clientes atrav\u00e9s da inova\u00e7\u00e3o e da tecnologia.<\/h4>\n\n<\/div>\n\n<div class=\"gb-container gb-container-29898e03\">\n\n<div class=\"wp-block-blocky-gutenberg-blocks-accordion\">\n<div class=\"wp-block-blocky-gutenberg-blocks-accordion-item\">\n<div class=\"wp-block-blocky-gutenberg-blocks-accordion-item-heading\"><div>\n<h4 class=\"gb-headline gb-headline-3c424156 gb-headline-text\">Como fa\u00e7o para entrar em contato com a Gaucho Code?<\/h4>\n<\/div><button aria-expanded=\"false\"><svg xmlns=\"http:\/\/www.w3.org\/2000\/svg\" width=\"24\" height=\"24\" viewBox=\"0 0 24 24\" fill=\"none\"> <path d=\"M6 9L12 15L18 9\" stroke=\"#03EBDD\" stroke-width=\"2\" stroke-linecap=\"round\" stroke-linejoin=\"round\"><\/path> <\/svg><\/button><\/div>\n\n\n\n<div class=\"wp-block-blocky-gutenberg-blocks-accordion-item-content\"><div class=\"inner-container\">\n<p class=\"gb-headline gb-headline-e2e1b3a1 gb-headline-text\">Voc\u00ea pode preencher o formul\u00e1rio e entraremos em contato com voc\u00ea. Voc\u00ea tamb\u00e9m pode agendar uma liga\u00e7\u00e3o com um membro da nossa equipe e explicar seu projeto para eles.<\/p>\n<\/div><\/div>\n<\/div>\n\n\n\n<div class=\"wp-block-blocky-gutenberg-blocks-accordion-item\">\n<div class=\"wp-block-blocky-gutenberg-blocks-accordion-item-heading\"><div>\n<h4 class=\"gb-headline gb-headline-b52c0feb gb-headline-text\">Quanto tempo levar\u00e1 o desenvolvimento do software?<\/h4>\n<\/div><button aria-expanded=\"false\"><svg xmlns=\"http:\/\/www.w3.org\/2000\/svg\" width=\"24\" height=\"24\" viewBox=\"0 0 24 24\" fill=\"none\"> <path d=\"M6 9L12 15L18 9\" stroke=\"#03EBDD\" stroke-width=\"2\" stroke-linecap=\"round\" stroke-linejoin=\"round\"><\/path> <\/svg><\/button><\/div>\n\n\n\n<div class=\"wp-block-blocky-gutenberg-blocks-accordion-item-content\"><div class=\"inner-container\">\n<p class=\"gb-headline gb-headline-0cffe247 gb-headline-text\">Isso depender\u00e1 da complexidade do projeto, mas voc\u00ea receber\u00e1 uma estimativa antes de come\u00e7armos e um acompanhamento semanal.<\/p>\n<\/div><\/div>\n<\/div>\n\n\n\n<div class=\"wp-block-blocky-gutenberg-blocks-accordion-item\">\n<div class=\"wp-block-blocky-gutenberg-blocks-accordion-item-heading\"><div>\n<h4 class=\"gb-headline gb-headline-3e542863 gb-headline-text\">Com que tipo de neg\u00f3cio voc\u00ea trabalha?<\/h4>\n<\/div><button aria-expanded=\"false\"><svg xmlns=\"http:\/\/www.w3.org\/2000\/svg\" width=\"24\" height=\"24\" viewBox=\"0 0 24 24\" fill=\"none\"> <path d=\"M6 9L12 15L18 9\" stroke=\"#03EBDD\" stroke-width=\"2\" stroke-linecap=\"round\" stroke-linejoin=\"round\"><\/path> <\/svg><\/button><\/div>\n\n\n\n<div class=\"wp-block-blocky-gutenberg-blocks-accordion-item-content\"><div class=\"inner-container\">\n<p class=\"gb-headline gb-headline-7b1aa386 gb-headline-text\">N\u00f3s temos bastante experi\u00eancia em diversos campos, como financeiro, log\u00edstica, entretenimento, varejo, e-commerce, m\u00eddia e comunica\u00e7\u00f5es.<\/p>\n<\/div><\/div>\n<\/div>\n\n\n\n<div class=\"wp-block-blocky-gutenberg-blocks-accordion-item\">\n<div class=\"wp-block-blocky-gutenberg-blocks-accordion-item-heading\"><div>\n<h4 class=\"gb-headline gb-headline-0d0c425a gb-headline-text\">Eu vou ser propriet\u00e1rio do c\u00f3digo do meu software?<\/h4>\n<\/div><button aria-expanded=\"false\"><svg xmlns=\"http:\/\/www.w3.org\/2000\/svg\" width=\"24\" height=\"24\" viewBox=\"0 0 24 24\" fill=\"none\"> <path d=\"M6 9L12 15L18 9\" stroke=\"#03EBDD\" stroke-width=\"2\" stroke-linecap=\"round\" stroke-linejoin=\"round\"><\/path> <\/svg><\/button><\/div>\n\n\n\n<div class=\"wp-block-blocky-gutenberg-blocks-accordion-item-content\"><div class=\"inner-container\">\n<p class=\"gb-headline gb-headline-06ef3680 gb-headline-text\">Sim, como nosso trabalho \u00e9 personalizado para cada cliente, voc\u00ea ser\u00e1 o propriet\u00e1rio do c\u00f3digo do seu projeto.<\/p>\n<\/div><\/div>\n<\/div>\n\n\n\n<div class=\"wp-block-blocky-gutenberg-blocks-accordion-item\">\n<div class=\"wp-block-blocky-gutenberg-blocks-accordion-item-heading\"><div>\n<h4 class=\"gb-headline gb-headline-8788c567 gb-headline-text\">H\u00e1 um acompanhamento ap\u00f3s a entrega e lan\u00e7amento do projeto?<\/h4>\n<\/div><button aria-expanded=\"false\"><svg xmlns=\"http:\/\/www.w3.org\/2000\/svg\" width=\"24\" height=\"24\" viewBox=\"0 0 24 24\" fill=\"none\"> <path d=\"M6 9L12 15L18 9\" stroke=\"#03EBDD\" stroke-width=\"2\" stroke-linecap=\"round\" stroke-linejoin=\"round\"><\/path> <\/svg><\/button><\/div>\n\n\n\n<div class=\"wp-block-blocky-gutenberg-blocks-accordion-item-content\"><div class=\"inner-container\">\n<p class=\"gb-headline gb-headline-48dbb6d7 gb-headline-text\">Na Gaucho, buscamos estabelecer relacionamentos de trabalho de longo prazo com nossos clientes, por isso garantimos que acompanhamos seu projeto de perto e procuramos por oportunidades de melhoria.<\/p>\n<\/div><\/div>\n<\/div>\n<\/div>\n\n<\/div>\n<\/div>\n<\/section>\n\n<section class=\"gb-container gb-container-27a4e31a alignfull\">\n<div class=\"gb-container gb-container-5afd7cde\">\n\n<h2 class=\"gb-headline gb-headline-dbc5a987 gb-headline-text underlined-text\">Pronto para come\u00e7ar o seu projeto?<\/h2>\n\n\n\n<a class=\"gb-button gb-button-48c6ba5b gb-button-text button-style\" href=\"https:\/\/www.gauchocode.com\/contact-us\/\">Agende uma liga\u00e7\u00e3o<\/a>\n\n<\/div>\n<\/section>\n<\/div>","protected":false},"excerpt":{"rendered":"<p>Metodologias Scrum Na Gaucho, acreditamos que a melhor maneira de resolver problemas complexos e garantir o sucesso do projeto \u00e9 atrav\u00e9s da colabora\u00e7\u00e3o em equipe. Somos especialistas na Metodologia Scrum e em seus tr\u00eas pilares: transpar\u00eancia, inspe\u00e7\u00e3o e adapta\u00e7\u00e3o. Trabalhamos em um ambiente de profissionalismo e confian\u00e7a. Kanban N\u00f3s temos experi\u00eancia na metodologia Kanban, atrav\u00e9s<\/p>\n","protected":false},"author":1,"featured_media":0,"parent":0,"menu_order":0,"comment_status":"closed","ping_status":"closed","template":"","meta":{"_acf_changed":false,"footnotes":""},"class_list":["post-3281","page","type-page","status-publish"],"acf":[],"_links":{"self":[{"href":"https:\/\/www.gauchocode.com\/pt-br\/wp-json\/wp\/v2\/pages\/3281","targetHints":{"allow":["GET"]}}],"collection":[{"href":"https:\/\/www.gauchocode.com\/pt-br\/wp-json\/wp\/v2\/pages"}],"about":[{"href":"https:\/\/www.gauchocode.com\/pt-br\/wp-json\/wp\/v2\/types\/page"}],"author":[{"embeddable":true,"href":"https:\/\/www.gauchocode.com\/pt-br\/wp-json\/wp\/v2\/users\/1"}],"replies":[{"embeddable":true,"href":"https:\/\/www.gauchocode.com\/pt-br\/wp-json\/wp\/v2\/comments?post=3281"}],"version-history":[{"count":0,"href":"https:\/\/www.gauchocode.com\/pt-br\/wp-json\/wp\/v2\/pages\/3281\/revisions"}],"wp:attachment":[{"href":"https:\/\/www.gauchocode.com\/pt-br\/wp-json\/wp\/v2\/media?parent=3281"}],"curies":[{"name":"wp","href":"https:\/\/api.w.org\/{rel}","templated":true}]}}